{"id":2,"date":"2023-08-03T16:30:16","date_gmt":"2023-08-03T14:30:16","guid":{"rendered":"https:\/\/skye.training\/?page_id=2"},"modified":"2023-08-12T16:47:58","modified_gmt":"2023-08-12T14:47:58","slug":"nos-coachs","status":"publish","type":"page","link":"https:\/\/skye.training\/?page_id=2","title":{"rendered":"Nos coachs"},"content":{"rendered":"<p>[vc_row][vc_column][vc_column_text]Nous sommes fiers de vous pr\u00e9senter nos coachs qui ont \u00e9t\u00e9 soigneusement recrut\u00e9s et form\u00e9s \u00e0 notre m\u00e9thodologie blended. Ces coachs sont parmi les meilleurs sur le march\u00e9 national de la formation professionnelle gr\u00e2ce \u00e0 notre expertise avec <a href=\"https:\/\/www.linguaid.net\/\">Linguaid<\/a>.[\/vc_column_text][\/vc_column][\/vc_row][vc_row][vc_column width=&#8221;3\/4&#8243;][vc_column_text]Forte d\u2019un MASTER II et de 6 ans d\u2019exp\u00e9rience de formation en entreprise, Tania Roullet aime s\u2019adapter aux besoins et objectifs sp\u00e9cifiques de chaque apprenant. Elle les aide aussi volontiers \u00e0 surmonter les blocages.<\/p>\n<p>Elle a travaill\u00e9 dans 3 pays \u00e9trangers, notamment en coordination de projets internationaux et a beaucoup voyag\u00e9. Elle partage volontiers ces diff\u00e9rentes exp\u00e9riences pour faciliter un apprentissage vivant et pratique.<\/p>\n<p>Tania s\u2019occupe de la partie \u00e9valuation de notre processus \u2013 apr\u00e8s le test \u00e9crit, elle appelle l\u2019apprenant pour \u00e9valuer le niveau oral et \u00e9tablir un programme personnalis\u00e9 de formation.<\/p>\n<p>Passionn\u00e9e de sports de nature en g\u00e9n\u00e9ral, c\u2019est par sa pratique de la nage en mer et du parapente qu\u2019elle assouvit sa soif de d\u00e9passement de soi et de \u00a0libert\u00e9.<\/p>\n<p><em>Le mot de SkyeTraining\u00a0: Tania est un coach qui privil\u00e9gie avant tout l\u2019aspect \u00e9motionnel et humain du m\u00e9tier. Elle est sensible et \u00e0 l\u2019\u00e9coute avec bienveillance et diplomatie.En plus des \u00e9valuations en anglais, nous lui confions notamment nos apprenants qui ont plus de difficult\u00e9s.<\/em>[\/vc_column_text][\/vc_column][vc_column width=&#8221;1\/4&#8243;][vc_single_image image=&#8221;601&#8243; img_size=&#8221;full&#8221;]<div id=\"ultimate-heading-688969e43373bc535\" class=\"uvc-heading ult-adjust-bottom-margin ultimate-heading-688969e43373bc535 uvc-8770 \" data-hspacer=\"no_spacer\"  data-halign=\"center\" style=\"text-align:center\"><div class=\"uvc-heading-spacer no_spacer\" style=\"top\"><\/div><div class=\"uvc-main-heading ult-responsive\"  data-ultimate-target='.uvc-heading.ultimate-heading-688969e43373bc535 h2'  data-responsive-json-new='{\"font-size\":\"\",\"line-height\":\"\"}' ><h2 style=\"font-weight:normal;margin-bottom:30px;\">Tania Roullet<\/h2><\/div><\/div>[\/vc_column][\/vc_row][vc_row bg_type=&#8221;bg_color&#8221; bg_color_value=&#8221;#479edd&#8221; css=&#8221;.vc_custom_1691676241256{padding-bottom: 30px !important;}&#8221;][vc_column width=&#8221;3\/4&#8243;][vc_column_text]<\/p>\n<p><span style=\"color: #ffffff;\">Hannah Durrant est de nationalit\u00e9 britannique. Bilingue fran\u00e7ais-anglais, elle a travaill\u00e9 8 ans dans la gestion de projets europ\u00e9ens et 8 ans dans la gestion de projets de communication pour les ONGs nationales et internationales. En 2011 elle s\u2019installe en Dordogne, \u201cterre d\u2019accueil\u201d, o\u00f9 elle se concentre sur la traduction et la formation en anglais pour adultes. Elle est dipl\u00f4m\u00e9e d\u2019une licence fran\u00e7ais\/anglais, ce qu\u2019elle compl\u00e8te en 2019 avec un dipl\u00f4me de formateur en anglais (CELTA de Cambridge), et en 2020 avec la formation \u201c Digital Language Trainer \u201d de Linguaid.<\/span><\/p>\n<p><span style=\"color: #ffffff;\">Elle privil\u00e9gie une approche \u201c coaching \u201c en tant que formatrice. C\u2019est \u00e0 dire qu\u2019elle travaille avec l\u2019apprenant pour construire et puis adapter le contenu \u00e0 leurs besoins sp\u00e9cifiques. Son but est que les cours d\u2019anglais deviennent un moment attendu de la semaine, o\u00f9 les apprenants prennent plaisir \u00e0 avancer, quel que soit leur niveau de d\u00e9part.<\/span><\/p>\n<p><em><span style=\"color: #ffffff;\">Le mot de SkyeTraining : Hannah a suivi notre parcours de formation \u00ab Digital Language Trainer \u00bb avec aplomb et elle est tr\u00e8s habile sur le c\u00f4t\u00e9 digital. Elle aussi montre une qualit\u00e9 d\u2019\u00e9coute et de bienveillance tr\u00e8s appr\u00e9ciable qui met nos apprenants \u00e0 l\u2019aise imm\u00e9diatement.<\/span><\/em>[\/vc_column_text][\/vc_column][vc_column width=&#8221;1\/4&#8243;][vc_single_image image=&#8221;607&#8243; img_size=&#8221;full&#8221; alignment=&#8221;center&#8221;]<div id=\"ultimate-heading-250069e43373bc569\" class=\"uvc-heading ult-adjust-bottom-margin ultimate-heading-250069e43373bc569 uvc-4248 \" data-hspacer=\"no_spacer\"  data-halign=\"center\" style=\"text-align:center\"><div class=\"uvc-heading-spacer no_spacer\" style=\"top\"><\/div><div class=\"uvc-main-heading ult-responsive\"  data-ultimate-target='.uvc-heading.ultimate-heading-250069e43373bc569 h2'  data-responsive-json-new='{\"font-size\":\"\",\"line-height\":\"\"}' ><h2 style=\"font-weight:normal;color:#ffffff;\">Hannah Durrant<\/h2><\/div><\/div>[\/vc_column][\/vc_row][vc_row css=&#8221;.vc_custom_1691676221818{padding-top: 30px !important;}&#8221;][vc_column width=&#8221;3\/4&#8243;][vc_column_text]Bas\u00e9e \u00e0 Saint Cyprien, Leone Crinnion est avocate irlandaise et formatrice professionnelle en anglais. Elle est membre de \u00ab Law Society of Ireland \u00bb depuis 1992 et continue \u00e0 travailler avec cette association dans le cadre de son activit\u00e9 d\u2019enseignante. En 2019, apr\u00e8s une carri\u00e8re r\u00e9ussie en tant qu\u2019avocate en droit immobilier et commercial \u00e0 Dublin, Leone a quitt\u00e9 l\u2019Irlande pour la France o\u00f9 elle travaille avec l\u2019Universit\u00e9 de Paris Dauphine et l\u2019American Business School. Leone est formatrice en anglais avec une sp\u00e9cialisation en anglais des affaires et surtout en anglais juridique. Pendant son temps libre, Leone aime courir des marathons, voyager et jouer du piano (qu\u2019elle enseigne \u00e9galement professionnellement). Leone a une passion pour la lecture et l\u2019\u00e9criture et a contribu\u00e9 \u00e0 de nombreux articles dans des magazines.<\/p>\n<p>Leone parle espagnol et fran\u00e7ais et comprend donc le processus de la familiarisation avec une langue \u00e9trang\u00e8re. Elle est passionn\u00e9e par comment trouver la motivation des apprenants et comment d\u00e9velopper leur propre personnalit\u00e9 en anglais. Elle investit beaucoup de temps et d\u2019efforts dans la relation avec ses \u00e9tudiants pour assurer une formation de qualit\u00e9 et efficace. Elle est convaincue qu\u2019\u00eatre formateur est le meilleur m\u00e9tier du monde !<\/p>\n<p><em>Le mot de SkyeTraining : Un mot qui d\u00e9crit Leone : POSITIVE ! Elle est toujours souriante, optimiste, \u00e0 l\u2019\u00e9coute. Elle s\u2019adapte \u00e0 tous les profils et \u00e0 tous les besoins. Son accent irlandais charmant fait le bonheur de tous ses apprenants.<\/em>[\/vc_column_text][\/vc_column][vc_column width=&#8221;1\/4&#8243; css=&#8221;.vc_custom_1691676772571{padding-top: 70px !important;}&#8221;][vc_single_image image=&#8221;611&#8243; img_size=&#8221;full&#8221; alignment=&#8221;center&#8221;]<div id=\"ultimate-heading-511869e43373bc583\" class=\"uvc-heading ult-adjust-bottom-margin ultimate-heading-511869e43373bc583 uvc-7569 \" data-hspacer=\"no_spacer\"  data-halign=\"center\" style=\"text-align:center\"><div class=\"uvc-heading-spacer no_spacer\" style=\"top\"><\/div><div class=\"uvc-main-heading ult-responsive\"  data-ultimate-target='.uvc-heading.ultimate-heading-511869e43373bc583 h2'  data-responsive-json-new='{\"font-size\":\"\",\"line-height\":\"\"}' ><h2 style=\"font-weight:normal;margin-bottom:30px;\">Leone Crinnion<\/h2><\/div><\/div>[\/vc_column][\/vc_row][vc_row bg_type=&#8221;bg_color&#8221; bg_color_value=&#8221;#479edd&#8221; css=&#8221;.vc_custom_1691676241256{padding-bottom: 30px !important;}&#8221;][vc_column width=&#8221;3\/4&#8243;][vc_column_text]<\/p>\n<p><span style=\"color: #ffffff;\">De nationalit\u00e9 franco-espagnole, Marie-Georges Yakette a travaill\u00e9 dans le tourisme pendant 8 ans. Passionn\u00e9e depuis petite par les langues, elle a d\u00e9couvert le m\u00e9tier de formatrice un peu par hasard et c\u2019est sans regret qu\u2019elle emploie son temps \u00e0 l\u2019enseignement. Apr\u00e8s 5 ans de cette d\u00e9couverte inattendue, elle collabore avec skyetraining et elle met \u00e0 leur disposition ses connaissances en langues, notamment l\u2019espagnol qui est sa langue maternelle. Souriante et \u00e0 l\u2019\u00e9coute des apprenants, elle nous accompagne dans notre projet linguistique pour r\u00e9ussir leurs objectifs.<\/span><\/p>\n<p><span style=\"color: #ffffff;\"><em>Le mot de SkyeTraining : Marie-Georges est tout simplement la meilleure formatrice en espagnol que l\u2019on connaisse. Sa passion pour son m\u00e9tier combin\u00e9e \u00e0 son attitude professionnelle et sa gentillesse nous impressionne en permanence. Elle nous impressionne en permanence.<\/em><\/span>[\/vc_column_text][\/vc_column][vc_column width=&#8221;1\/4&#8243; css=&#8221;.vc_custom_1691676710576{padding-top: 30px !important;}&#8221;][vc_single_image image=&#8221;613&#8243; img_size=&#8221;full&#8221; alignment=&#8221;center&#8221;]<div id=\"ultimate-heading-314269e43373bc597\" class=\"uvc-heading ult-adjust-bottom-margin ultimate-heading-314269e43373bc597 uvc-2557 \" data-hspacer=\"no_spacer\"  data-halign=\"center\" style=\"text-align:center\"><div class=\"uvc-heading-spacer no_spacer\" style=\"top\"><\/div><div class=\"uvc-main-heading ult-responsive\"  data-ultimate-target='.uvc-heading.ultimate-heading-314269e43373bc597 h2'  data-responsive-json-new='{\"font-size\":\"\",\"line-height\":\"\"}' ><h2 style=\"font-weight:normal;color:#ffffff;\">Marie-Georges Yakette<\/h2><\/div><\/div>[\/vc_column][\/vc_row][vc_row css=&#8221;.vc_custom_1691676221818{padding-top: 30px !important;}&#8221;][vc_column width=&#8221;3\/4&#8243;][vc_column_text]<\/p>\n<p>Laura M\u00fcller est de nationalit\u00e9 franco-allemande. N\u00e9e de parents allemands, elle a grandi et \u00e9tabli tout son parcours scolaire en France.<br \/>\nDevenue trilingue suite \u00e0 l\u2019obtention de son dipl\u00f4me en LEA allemand \/ anglais et de ses plusieurs voyages d\u2019immersion, elle commence \u00e0 travailler en tant que traductrice et interpr\u00e8te pour plusieurs entreprises anglophones.<br \/>\nSa passion pour les langues, le relationnel et le voyage l\u2019ont naturellement d\u00e9cid\u00e9e \u00e0 se lancer en tant qu\u2019enseignante ind\u00e9pendante.<br \/>\n\u00ab Ce que j\u2019aime avant tout dans mon activit\u00e9 c\u2019est de r\u00e9concilier les apprenants avec la langue allemande et de partager avec eux les moments de r\u00e9ussite.<br \/>\nC\u2019est lorsqu\u2019un \u00e9l\u00e8ve me dit que finalement il a appris \u00e0 appr\u00e9cier l\u2019allemand, que mon travail a un sens! \u00bb<\/p>\n<p><em>Le mot de SkyeTraining : Laura est une excellente formatrice \u2013 pos\u00e9e, rigoureuse et tr\u00e8s patiente avec ses apprenants. Elle est tr\u00e8s r\u00e9active \u00e0 toute demande et nous sommes tr\u00e8s fiers de pouvoir travailler avec elle.<\/em>[\/vc_column_text][\/vc_column][vc_column width=&#8221;1\/4&#8243;][vc_single_image image=&#8221;615&#8243; img_size=&#8221;full&#8221; alignment=&#8221;center&#8221; css=&#8221;.vc_custom_1691676719829{padding-top: 50px !important;}&#8221;]<div id=\"ultimate-heading-377569e43373bc5a9\" class=\"uvc-heading ult-adjust-bottom-margin ultimate-heading-377569e43373bc5a9 uvc-4096 \" data-hspacer=\"no_spacer\"  data-halign=\"center\" style=\"text-align:center\"><div class=\"uvc-heading-spacer no_spacer\" style=\"top\"><\/div><div class=\"uvc-main-heading ult-responsive\"  data-ultimate-target='.uvc-heading.ultimate-heading-377569e43373bc5a9 h2'  data-responsive-json-new='{\"font-size\":\"\",\"line-height\":\"\"}' ><h2 style=\"font-weight:normal;margin-bottom:30px;\">Laura M\u00fcller<\/h2><\/div><\/div>[\/vc_column][\/vc_row][vc_row bg_type=&#8221;bg_color&#8221; bg_color_value=&#8221;#479edd&#8221; css=&#8221;.vc_custom_1691676241256{padding-bottom: 30px !important;}&#8221;][vc_column width=&#8221;3\/4&#8243;][vc_column_text]<span style=\"color: #ffffff;\">De nationalit\u00e9 britannique, bas\u00e9e \u00e0 Thuir, ancienne infirmi\u00e8re, Cordy Roe est une formatrice en anglais professionnelle tr\u00e8s engag\u00e9e et \u00e9nergique. Elle est \u00e9galement examinatrice certifi\u00e9e des examens Cambridge et se sp\u00e9cialise tr\u00e8s bien dans la pr\u00e9paration des apprenants aux certifications de langues (Cambridge, Linguaskill TOEIC, TOEFL, \u2026). Depuis 12 ans Cordy propose des formations professionnelles sur mesure \u00e0 distance et en face \u00e0 face en assurant un environnement d\u2019apprentissage enthousiaste, proactif et ludique.<\/span><\/p>\n<p><span style=\"color: #ffffff;\">Cordy est \u00e9galement propri\u00e9taire d\u2019une \u00e9cole de langues sp\u00e9cialis\u00e9e pour les enfants \u00e0 Thuir qui propose des ateliers pratiques et amusants pour des enfants et des adolescents dans le d\u00e9partement des Pyr\u00e9n\u00e9es-Orientales. L\u2019\u00e9cole vient de recevoir son homologation pour \u00eatre centre de pr\u00e9paration pour les examens Cambridge.<\/span><\/p>\n<p><span style=\"color: #ffffff;\">Dans son temps libre, Cordy aime le sport (natation, gym, tennis) et la musique, et quand elle le peut, un peu de voyages bien s\u00fbr !<\/span><\/p>\n<p><span style=\"color: #ffffff;\"><em>Le mot de SkyeTraining : Cordy est une formatrice exp\u00e9riment\u00e9e et dynamique. Elle a beaucoup d\u2019exp\u00e9rience dans la formation \u00e0 distance pour les apprenants adultes, et elle dispose d\u2019une grande biblioth\u00e8que de contenu qu\u2019elle utilise pour adapter ses cours \u00e0 tous les profils.<\/em><\/span>[\/vc_column_text][\/vc_column][vc_column width=&#8221;1\/4&#8243; css=&#8221;.vc_custom_1691676710576{padding-top: 30px !important;}&#8221;][vc_single_image image=&#8221;621&#8243; img_size=&#8221;full&#8221; alignment=&#8221;center&#8221;]<div id=\"ultimate-heading-69169e43373bc5ba\" class=\"uvc-heading ult-adjust-bottom-margin ultimate-heading-69169e43373bc5ba uvc-2284 \" data-hspacer=\"no_spacer\"  data-halign=\"center\" style=\"text-align:center\"><div class=\"uvc-heading-spacer no_spacer\" style=\"top\"><\/div><div class=\"uvc-main-heading ult-responsive\"  data-ultimate-target='.uvc-heading.ultimate-heading-69169e43373bc5ba h2'  data-responsive-json-new='{\"font-size\":\"\",\"line-height\":\"\"}' ><h2 style=\"font-weight:normal;color:#ffffff;\">Cordy Roe<\/h2><\/div><\/div>[\/vc_column][\/vc_row][vc_row css=&#8221;.vc_custom_1691676221818{padding-top: 30px !important;}&#8221;][vc_column width=&#8221;3\/4&#8243;][vc_column_text]<\/p>\n<p>Virginie Toffolo est d\u2019origine italienne. Elle va en Italie depuis que elle est n\u00e9e et \u00e0 l\u2019\u00e2ge de 20 ans elle est partie \u00e0 Milan pour suivre ses \u00e9tudes d\u2019arts. Un \u00e9change universitaire qui devait durer un an, c\u2019est finalement 10 ans plus tard qu\u2019elle d\u00e9cide de rentrer en France. Elle a longtemps travaill\u00e9 dans le tourisme en parall\u00e8le de ses \u00e9tudes en tant que tour leader et a beaucoup voyag\u00e9 gr\u00e2ce \u00e0 \u00e7a. Elle travaillait en particulier dans une agence de voyage sp\u00e9cialis\u00e9e dans les voyages professionnels.<\/p>\n<p>Elle est rentr\u00e9e en tant que traductrice fran\u00e7ais\/italien\/anglais. Elle travaille depuis maintenant 10 ans dans le retail et elle est manager dans le monde du luxe depuis 3 ans. Elle a toujours aim\u00e9 les langues, les apprendre comme les enseigner et elle enseigne l\u2019italien en compl\u00e9ment de son activit\u00e9 principale.<\/p>\n<p><em>Le mot de SkyeTraining : Virginie nous a rejoint d\u00e9but 2021 pour apprendre l\u2019italien \u00e0 distance. Elle a maitris\u00e9 notre m\u00e9thodologie rapidement et les retours de ses apprenants sont excellents. Son exp\u00e9rience professionnelle est un vrai plus pour r\u00e9pondre aux besoins de nos apprenants adultes.<\/em>[\/vc_column_text][\/vc_column][vc_column width=&#8221;1\/4&#8243;][vc_single_image image=&#8221;623&#8243; img_size=&#8221;full&#8221; alignment=&#8221;center&#8221; css=&#8221;.vc_custom_1691677250536{padding-top: 50px !important;}&#8221;]<div id=\"ultimate-heading-737169e43373bc5cb\" class=\"uvc-heading ult-adjust-bottom-margin ultimate-heading-737169e43373bc5cb uvc-5073 \" data-hspacer=\"no_spacer\"  data-halign=\"center\" style=\"text-align:center\"><div class=\"uvc-heading-spacer no_spacer\" style=\"top\"><\/div><div class=\"uvc-main-heading ult-responsive\"  data-ultimate-target='.uvc-heading.ultimate-heading-737169e43373bc5cb h2'  data-responsive-json-new='{\"font-size\":\"\",\"line-height\":\"\"}' ><h2 style=\"font-weight:normal;margin-bottom:30px;\"> Virginie Toffolo<\/h2><\/div><\/div>[\/vc_column][\/vc_row]<\/p>\n","protected":false},"excerpt":{"rendered":"<p>[vc_row][vc_column][vc_column_text]Nous sommes fiers de vous pr\u00e9senter nos coachs qui ont \u00e9t\u00e9 soigneusement recrut\u00e9s et form\u00e9s \u00e0 notre m\u00e9thodologie blended. Ces coachs sont parmi les meilleurs sur le march\u00e9 national de la formation professionnelle gr\u00e2ce \u00e0 notre expertise avec Linguaid.[\/vc_column_text][\/vc_column][\/vc_row][vc_row][vc_column width=&#8221;3\/4&#8243;][vc_column_text]Forte [&hellip;]<\/p>\n","protected":false},"author":1,"featured_media":0,"parent":0,"menu_order":0,"comment_status":"closed","ping_status":"closed","template":"","meta":{"footnotes":""},"class_list":["post-2","page","type-page","status-publish","hentry"],"yoast_head":"<!-- This site is optimized with the Yoast SEO Premium plugin v20.13 (Yoast SEO v20.13) - https:\/\/yoast.com\/wordpress\/plugins\/seo\/ -->\n<title>Nos coachs - Skye Training<\/title>\n<meta name=\"robots\" content=\"index, follow, max-snippet:-1, max-image-preview:large, max-video-preview:-1\" \/>\n<link rel=\"canonical\" href=\"https:\/\/skye.training\/?page_id=2\" \/>\n<meta property=\"og:locale\" content=\"en_US\" \/>\n<meta property=\"og:type\" content=\"article\" \/>\n<meta property=\"og:title\" content=\"Nos coachs\" \/>\n<meta property=\"og:description\" content=\"[vc_row][vc_column][vc_column_text]Nous sommes fiers de vous pr\u00e9senter nos coachs qui ont \u00e9t\u00e9 soigneusement recrut\u00e9s et form\u00e9s \u00e0 notre m\u00e9thodologie blended. Ces coachs sont parmi les meilleurs sur le march\u00e9 national de la formation professionnelle gr\u00e2ce \u00e0 notre expertise avec Linguaid.[\/vc_column_text][\/vc_column][\/vc_row][vc_row][vc_column width=&#8221;3\/4&#8243;][vc_column_text]Forte [&hellip;]\" \/>\n<meta property=\"og:url\" content=\"https:\/\/skye.training\/?page_id=2\" \/>\n<meta property=\"og:site_name\" content=\"Skye Training\" \/>\n<meta property=\"article:modified_time\" content=\"2023-08-12T14:47:58+00:00\" \/>\n<meta property=\"og:image\" content=\"https:\/\/skye.training\/wp-content\/uploads\/2023\/08\/logo-white-st-ok-tete.png\" \/>\n\t<meta property=\"og:image:width\" content=\"1865\" \/>\n\t<meta property=\"og:image:height\" content=\"661\" \/>\n\t<meta property=\"og:image:type\" content=\"image\/png\" \/>\n<meta name=\"twitter:card\" content=\"summary_large_image\" \/>\n<meta name=\"twitter:label1\" content=\"Est. reading time\" \/>\n\t<meta name=\"twitter:data1\" content=\"7 minutes\" \/>\n<script type=\"application\/ld+json\" class=\"yoast-schema-graph\">{\"@context\":\"https:\/\/schema.org\",\"@graph\":[{\"@type\":\"WebPage\",\"@id\":\"https:\/\/skye.training\/?page_id=2\",\"url\":\"https:\/\/skye.training\/?page_id=2\",\"name\":\"Nos coachs - Skye Training\",\"isPartOf\":{\"@id\":\"https:\/\/skye.training\/#website\"},\"datePublished\":\"2023-08-03T14:30:16+00:00\",\"dateModified\":\"2023-08-12T14:47:58+00:00\",\"breadcrumb\":{\"@id\":\"https:\/\/skye.training\/?page_id=2#breadcrumb\"},\"inLanguage\":\"en-US\",\"potentialAction\":[{\"@type\":\"ReadAction\",\"target\":[\"https:\/\/skye.training\/?page_id=2\"]}]},{\"@type\":\"BreadcrumbList\",\"@id\":\"https:\/\/skye.training\/?page_id=2#breadcrumb\",\"itemListElement\":[{\"@type\":\"ListItem\",\"position\":1,\"name\":\"Home\",\"item\":\"https:\/\/skye.training\/\"},{\"@type\":\"ListItem\",\"position\":2,\"name\":\"Nos coachs\"}]},{\"@type\":\"WebSite\",\"@id\":\"https:\/\/skye.training\/#website\",\"url\":\"https:\/\/skye.training\/\",\"name\":\"Skye Training\",\"description\":\"Formation en anglais professionnel\",\"publisher\":{\"@id\":\"https:\/\/skye.training\/#organization\"},\"potentialAction\":[{\"@type\":\"SearchAction\",\"target\":{\"@type\":\"EntryPoint\",\"urlTemplate\":\"https:\/\/skye.training\/?s={search_term_string}\"},\"query-input\":\"required name=search_term_string\"}],\"inLanguage\":\"en-US\"},{\"@type\":\"Organization\",\"@id\":\"https:\/\/skye.training\/#organization\",\"name\":\"Skye Training\",\"alternateName\":\"linguaid\",\"url\":\"https:\/\/skye.training\/\",\"logo\":{\"@type\":\"ImageObject\",\"inLanguage\":\"en-US\",\"@id\":\"https:\/\/skye.training\/#\/schema\/logo\/image\/\",\"url\":\"https:\/\/skye.training\/wp-content\/uploads\/2023\/08\/logo-white-st-ok-tete.png\",\"contentUrl\":\"https:\/\/skye.training\/wp-content\/uploads\/2023\/08\/logo-white-st-ok-tete.png\",\"width\":1865,\"height\":661,\"caption\":\"Skye Training\"},\"image\":{\"@id\":\"https:\/\/skye.training\/#\/schema\/logo\/image\/\"}}]}<\/script>\n<!-- \/ Yoast SEO Premium plugin. -->","yoast_head_json":{"title":"Nos coachs - Skye Training","robots":{"index":"index","follow":"follow","max-snippet":"max-snippet:-1","max-image-preview":"max-image-preview:large","max-video-preview":"max-video-preview:-1"},"canonical":"https:\/\/skye.training\/?page_id=2","og_locale":"en_US","og_type":"article","og_title":"Nos coachs","og_description":"[vc_row][vc_column][vc_column_text]Nous sommes fiers de vous pr\u00e9senter nos coachs qui ont \u00e9t\u00e9 soigneusement recrut\u00e9s et form\u00e9s \u00e0 notre m\u00e9thodologie blended. Ces coachs sont parmi les meilleurs sur le march\u00e9 national de la formation professionnelle gr\u00e2ce \u00e0 notre expertise avec Linguaid.[\/vc_column_text][\/vc_column][\/vc_row][vc_row][vc_column width=&#8221;3\/4&#8243;][vc_column_text]Forte [&hellip;]","og_url":"https:\/\/skye.training\/?page_id=2","og_site_name":"Skye Training","article_modified_time":"2023-08-12T14:47:58+00:00","og_image":[{"width":1865,"height":661,"url":"https:\/\/skye.training\/wp-content\/uploads\/2023\/08\/logo-white-st-ok-tete.png","type":"image\/png"}],"twitter_card":"summary_large_image","twitter_misc":{"Est. reading time":"7 minutes"},"schema":{"@context":"https:\/\/schema.org","@graph":[{"@type":"WebPage","@id":"https:\/\/skye.training\/?page_id=2","url":"https:\/\/skye.training\/?page_id=2","name":"Nos coachs - Skye Training","isPartOf":{"@id":"https:\/\/skye.training\/#website"},"datePublished":"2023-08-03T14:30:16+00:00","dateModified":"2023-08-12T14:47:58+00:00","breadcrumb":{"@id":"https:\/\/skye.training\/?page_id=2#breadcrumb"},"inLanguage":"en-US","potentialAction":[{"@type":"ReadAction","target":["https:\/\/skye.training\/?page_id=2"]}]},{"@type":"BreadcrumbList","@id":"https:\/\/skye.training\/?page_id=2#breadcrumb","itemListElement":[{"@type":"ListItem","position":1,"name":"Home","item":"https:\/\/skye.training\/"},{"@type":"ListItem","position":2,"name":"Nos coachs"}]},{"@type":"WebSite","@id":"https:\/\/skye.training\/#website","url":"https:\/\/skye.training\/","name":"Skye Training","description":"Formation en anglais professionnel","publisher":{"@id":"https:\/\/skye.training\/#organization"},"potentialAction":[{"@type":"SearchAction","target":{"@type":"EntryPoint","urlTemplate":"https:\/\/skye.training\/?s={search_term_string}"},"query-input":"required name=search_term_string"}],"inLanguage":"en-US"},{"@type":"Organization","@id":"https:\/\/skye.training\/#organization","name":"Skye Training","alternateName":"linguaid","url":"https:\/\/skye.training\/","logo":{"@type":"ImageObject","inLanguage":"en-US","@id":"https:\/\/skye.training\/#\/schema\/logo\/image\/","url":"https:\/\/skye.training\/wp-content\/uploads\/2023\/08\/logo-white-st-ok-tete.png","contentUrl":"https:\/\/skye.training\/wp-content\/uploads\/2023\/08\/logo-white-st-ok-tete.png","width":1865,"height":661,"caption":"Skye Training"},"image":{"@id":"https:\/\/skye.training\/#\/schema\/logo\/image\/"}}]}},"_links":{"self":[{"href":"https:\/\/skye.training\/index.php?rest_route=\/wp\/v2\/pages\/2","targetHints":{"allow":["GET"]}}],"collection":[{"href":"https:\/\/skye.training\/index.php?rest_route=\/wp\/v2\/pages"}],"about":[{"href":"https:\/\/skye.training\/index.php?rest_route=\/wp\/v2\/types\/page"}],"author":[{"embeddable":true,"href":"https:\/\/skye.training\/index.php?rest_route=\/wp\/v2\/users\/1"}],"replies":[{"embeddable":true,"href":"https:\/\/skye.training\/index.php?rest_route=%2Fwp%2Fv2%2Fcomments&post=2"}],"version-history":[{"count":15,"href":"https:\/\/skye.training\/index.php?rest_route=\/wp\/v2\/pages\/2\/revisions"}],"predecessor-version":[{"id":678,"href":"https:\/\/skye.training\/index.php?rest_route=\/wp\/v2\/pages\/2\/revisions\/678"}],"wp:attachment":[{"href":"https:\/\/skye.training\/index.php?rest_route=%2Fwp%2Fv2%2Fmedia&parent=2"}],"curies":[{"name":"wp","href":"https:\/\/api.w.org\/{rel}","templated":true}]}}